{"id":315,"date":"2024-02-28T20:02:37","date_gmt":"2024-02-28T20:02:37","guid":{"rendered":"https:\/\/researchcompetences.us.edu.pl\/?page_id=315"},"modified":"2024-02-28T20:02:37","modified_gmt":"2024-02-28T20:02:37","slug":"e-booki","status":"publish","type":"page","link":"https:\/\/researchcompetences.us.edu.pl\/index.php\/e-booki\/","title":{"rendered":"E-booki"},"content":{"rendered":"\n<p>Dowiedz si\u0119, jak zarz\u0105dza\u0107 zespo\u0142em naukowym albo uczelni\u0105 w oparciu o kompetencje. Poni\u017cej zamieszczamy e-booki, kt\u00f3re przygotowali\u015bmy na podstawie wywiad\u00f3w ze specjalistami z zarz\u0105dzania kompetencjami wsp\u00f3\u0142czesnym uniwersytetem i rozwijaniem zespo\u0142u badawczego w oparciu o kompetencje badawczy.<\/p>\n\n\n\n<p>Pobierz te\u017c e-book na ten temat <a href=\"https:\/\/researchcompetences.us.edu.pl\/wp-content\/uploads\/2024\/02\/13.-C4RE-talks-Competence-of-managing-a-research-team.pdf\" data-type=\"attachment\" data-id=\"231\">\u201eCompetence of managing a research team\u201d<\/a><\/p>\n\n\n\n<p>Wywiad z Prof. Visente Martinez Tur z University of Valencia (Hiszpania)<\/p>\n\n\n\n<p>Pobierz te\u017c e-book na ten temat <a href=\"https:\/\/researchcompetences.us.edu.pl\/wp-content\/uploads\/2024\/02\/16.-University-support-for-building-researcher-competence.pdf\" data-type=\"attachment\" data-id=\"232\">\u201eUniversity support for building researcher competence\u201d<\/a><\/p>\n\n\n\n<p>Wywiad z Prof. Matiasem Pul\u00f3pulos Tripiana z Ghent University (Bielgia)<\/p>\n\n\n\n<p>Pobierz te\u017c e-book na ten temat <a href=\"https:\/\/researchcompetences.us.edu.pl\/wp-content\/uploads\/2024\/02\/17.-Competencies-that-determine-the-scientific-success-of-a-researcher.pdf\" data-type=\"attachment\" data-id=\"233\">\u201eCompetencies that determine the scientific success of a researcher\u201d<\/a><\/p>\n\n\n\n<p>Wywiad z Prof. Corinna Peifer University of L\u00fcbeck (Niemcy)<\/p>\n\n\n\n<p>Pobierz te\u017c e-book na ten temat <a href=\"https:\/\/researchcompetences.us.edu.pl\/wp-content\/uploads\/2024\/02\/19.-Organisational-competences-and-the-success-of-the-research-team.pdf\" data-type=\"attachment\" data-id=\"234\">\u201cOrganisational competences and the success of the research team\u201d<\/a><\/p>\n\n\n\n<p>Wywiad z Prof. Richardem Griffith z Institute for Cross Cultural Management of Florida Institute of Technology (USA)<\/p>\n\n\n\n<p><\/p>\n","protected":false},"excerpt":{"rendered":"<p>Dowiedz si\u0119, jak zarz\u0105dza\u0107 zespo\u0142em naukowym albo uczelni\u0105 w oparciu o kompetencje. Poni\u017cej zamieszczamy e-booki, kt\u00f3re przygotowali\u015bmy na podstawie wywiad\u00f3w ze specjalistami z zarz\u0105dzania kompetencjami wsp\u00f3\u0142czesnym uniwersytetem i rozwijaniem zespo\u0142u badawczego w oparciu o kompetencje badawczy. Pobierz te\u017c e-book na ten temat \u201eCompetence of managing a research team\u201d Wywiad z Prof. Visente Martinez Tur z University of Valencia (Hiszpania) Pobierz te\u017c e-book na ten temat \u201eUniversity support for building researcher competence\u201d Wywiad z Prof. Matiasem Pul\u00f3pulos Tripiana z Ghent University (Bielgia) Pobierz te\u017c e-book na ten temat \u201eCompetencies that determine the scientific success of a researcher\u201d Wywiad z Prof. Corinna<\/p>\n","protected":false},"author":1,"featured_media":0,"parent":0,"menu_order":0,"comment_status":"closed","ping_status":"closed","template":"","meta":{"footnotes":""},"class_list":["post-315","page","type-page","status-publish","hentry"],"_links":{"self":[{"href":"https:\/\/researchcompetences.us.edu.pl\/index.php\/wp-json\/wp\/v2\/pages\/315","targetHints":{"allow":["GET"]}}],"collection":[{"href":"https:\/\/researchcompetences.us.edu.pl\/index.php\/wp-json\/wp\/v2\/pages"}],"about":[{"href":"https:\/\/researchcompetences.us.edu.pl\/index.php\/wp-json\/wp\/v2\/types\/page"}],"author":[{"embeddable":true,"href":"https:\/\/researchcompetences.us.edu.pl\/index.php\/wp-json\/wp\/v2\/users\/1"}],"replies":[{"embeddable":true,"href":"https:\/\/researchcompetences.us.edu.pl\/index.php\/wp-json\/wp\/v2\/comments?post=315"}],"version-history":[{"count":1,"href":"https:\/\/researchcompetences.us.edu.pl\/index.php\/wp-json\/wp\/v2\/pages\/315\/revisions"}],"predecessor-version":[{"id":316,"href":"https:\/\/researchcompetences.us.edu.pl\/index.php\/wp-json\/wp\/v2\/pages\/315\/revisions\/316"}],"wp:attachment":[{"href":"https:\/\/researchcompetences.us.edu.pl\/index.php\/wp-json\/wp\/v2\/media?parent=315"}],"curies":[{"name":"wp","href":"https:\/\/api.w.org\/{rel}","templated":true}]}}